{"id":202,"date":"2022-04-22T11:58:12","date_gmt":"2022-04-22T10:58:12","guid":{"rendered":"https:\/\/battitt.fr\/?page_id=202"},"modified":"2022-06-15T14:16:21","modified_gmt":"2022-06-15T13:16:21","slug":"atelier","status":"publish","type":"page","link":"https:\/\/battitt.fr\/euskara\/","title":{"rendered":"Battitt Halsouet"},"content":{"rendered":"<div class=\"wp-container-1 wp-block-group\">\n<div class=\"wp-block-columns\">\n<div class=\"wp-block-column\" style=\"flex-basis:100%\">\n<figure class=\"wp-block-image alignwide is-style-rounded\"><img loading=\"lazy\" width=\"1024\" height=\"934\" src=\"https:\/\/battitt.fr\/wp-content\/uploads\/2022\/05\/acceuil-site-1024x934.jpg\" alt=\"\" class=\"wp-image-418\" srcset=\"https:\/\/battitt.fr\/wp-content\/uploads\/2022\/05\/acceuil-site-1024x934.jpg 1024w, https:\/\/battitt.fr\/wp-content\/uploads\/2022\/05\/acceuil-site-300x274.jpg 300w, https:\/\/battitt.fr\/wp-content\/uploads\/2022\/05\/acceuil-site-768x700.jpg 768w, https:\/\/battitt.fr\/wp-content\/uploads\/2022\/05\/acceuil-site-13x12.jpg 13w, https:\/\/battitt.fr\/wp-content\/uploads\/2022\/05\/acceuil-site.jpg 1239w\" sizes=\"(max-width: 1024px) 100vw, 1024px\" \/><\/figure>\n<\/div>\n<\/div>\n<\/div>\n\n\n\n<p class=\"text-color text-size has-medium-font-size translation-block\">Atea pasatzean, gozazazu leihoetako burdinoletatik, pasabidea izpi eztiz betetzen duen argia. Begira itzazu garai bateko noblezia daramaten txontxongiloak, han hemenka altzarietan jarriak. Kasu egizu kartoizko maletari trebukatu ez egitearekin, antzerkiko maska batzuk baititu.<\/p>\n\n\n\n<p class=\"has-cyan-bluish-gray-color has-text-color has-medium-font-size translation-block\">. Eskuinaldeko ateak, soailua estalia duen eta okre-laranja koloreko pareta duen aspaldiko sukalde batera darama. Han arbasoen harraska bat bada, hiru harriz osatua eta hunen ondoan gaitzeko supazter bat lotan dena. Altxor guzti horiek berreskuratutako material andana baten azpian atxematen direla jakin behar da,  mota guzietako tresnen artean ezarriak baitira, batzuk  iraganeko ezenografiak izan direnak eta beste batzuk proiektu berriak direnak.<\/p>\n\n\n\n<p class=\"text-color text-size has-medium-font-size\">Ongi etorri nere tailerrarat\u00a0! <\/p>","protected":false},"excerpt":{"rendered":"<p>Passez la porte et appr\u00e9ciez la lumi\u00e8re qui filtre au travers des ferronneries de ses fen\u00eatres et vient inonder un couloir. Attardez vous sur les marionnettes dispos\u00e9es de ci de l\u00e0 sur des meubles portant la noblesse d&rsquo;une \u00e9poque r\u00e9volue. Faites attention \u00e0 ne pas tr\u00e9bucher sur la valise en carton au sol, elle contient [&hellip;]<\/p>","protected":false},"author":1,"featured_media":0,"parent":0,"menu_order":0,"comment_status":"closed","ping_status":"closed","template":"","meta":[],"yoast_head":"<!-- This site is optimized with the Yoast SEO plugin v18.4.1 - https:\/\/yoast.com\/wordpress\/plugins\/seo\/ -->\n<title>Battitt Halsouet - BATTITT HALSOUET<\/title>\n<meta name=\"robots\" content=\"index, follow, max-snippet:-1, max-image-preview:large, max-video-preview:-1\" \/>\n<link rel=\"canonical\" href=\"https:\/\/battitt.fr\/euskara\/\" \/>\n<meta property=\"og:locale\" content=\"en_US\" \/>\n<meta property=\"og:type\" content=\"article\" \/>\n<meta property=\"og:title\" content=\"Battitt Halsouet - BATTITT HALSOUET\" \/>\n<meta property=\"og:description\" content=\"Passez la porte et appr\u00e9ciez la lumi\u00e8re qui filtre au travers des ferronneries de ses fen\u00eatres et vient inonder un couloir. Attardez vous sur les marionnettes dispos\u00e9es de ci de l\u00e0 sur des meubles portant la noblesse d&rsquo;une \u00e9poque r\u00e9volue. Faites attention \u00e0 ne pas tr\u00e9bucher sur la valise en carton au sol, elle contient [&hellip;]\" \/>\n<meta property=\"og:url\" content=\"https:\/\/battitt.fr\/euskara\/\" \/>\n<meta property=\"og:site_name\" content=\"BATTITT HALSOUET\" \/>\n<meta property=\"article:modified_time\" content=\"2022-06-15T13:16:21+00:00\" \/>\n<meta property=\"og:image\" content=\"https:\/\/battitt.fr\/wp-content\/uploads\/2022\/05\/acceuil-site-1024x934.jpg\" \/>\n<meta name=\"twitter:label1\" content=\"Est. reading time\" \/>\n\t<meta name=\"twitter:data1\" content=\"1 minutua\" \/>\n<script type=\"application\/ld+json\" class=\"yoast-schema-graph\">{\"@context\":\"https:\/\/schema.org\",\"@graph\":[{\"@type\":\"WebSite\",\"@id\":\"https:\/\/battitt.fr\/#website\",\"url\":\"https:\/\/battitt.fr\/\",\"name\":\"BATTITT HALSOUET\",\"description\":\"\",\"potentialAction\":[{\"@type\":\"SearchAction\",\"target\":{\"@type\":\"EntryPoint\",\"urlTemplate\":\"https:\/\/battitt.fr\/?s={search_term_string}\"},\"query-input\":\"required name=search_term_string\"}],\"inLanguage\":\"eu\"},{\"@type\":\"ImageObject\",\"@id\":\"https:\/\/battitt.fr\/#primaryimage\",\"inLanguage\":\"eu\",\"url\":\"https:\/\/battitt.fr\/wp-content\/uploads\/2022\/05\/acceuil-site.jpg\",\"contentUrl\":\"https:\/\/battitt.fr\/wp-content\/uploads\/2022\/05\/acceuil-site.jpg\",\"width\":1239,\"height\":1130},{\"@type\":\"WebPage\",\"@id\":\"https:\/\/battitt.fr\/#webpage\",\"url\":\"https:\/\/battitt.fr\/\",\"name\":\"Battitt Halsouet - BATTITT HALSOUET\",\"isPartOf\":{\"@id\":\"https:\/\/battitt.fr\/#website\"},\"primaryImageOfPage\":{\"@id\":\"https:\/\/battitt.fr\/#primaryimage\"},\"datePublished\":\"2022-04-22T10:58:12+00:00\",\"dateModified\":\"2022-06-15T13:16:21+00:00\",\"breadcrumb\":{\"@id\":\"https:\/\/battitt.fr\/#breadcrumb\"},\"inLanguage\":\"eu\",\"potentialAction\":[{\"@type\":\"ReadAction\",\"target\":[\"https:\/\/battitt.fr\/\"]}]},{\"@type\":\"BreadcrumbList\",\"@id\":\"https:\/\/battitt.fr\/#breadcrumb\",\"itemListElement\":[{\"@type\":\"ListItem\",\"position\":1,\"name\":\"Battitt Halsouet\"}]}]}<\/script>\n<!-- \/ Yoast SEO plugin. -->","yoast_head_json":{"title":"Battitt Halsouet - BATTITT HALSOUET","robots":{"index":"index","follow":"follow","max-snippet":"max-snippet:-1","max-image-preview":"max-image-preview:large","max-video-preview":"max-video-preview:-1"},"canonical":"https:\/\/battitt.fr\/euskara\/","og_locale":"en_US","og_type":"article","og_title":"Battitt Halsouet - BATTITT HALSOUET","og_description":"Passez la porte et appr\u00e9ciez la lumi\u00e8re qui filtre au travers des ferronneries de ses fen\u00eatres et vient inonder un couloir. Attardez vous sur les marionnettes dispos\u00e9es de ci de l\u00e0 sur des meubles portant la noblesse d&rsquo;une \u00e9poque r\u00e9volue. Faites attention \u00e0 ne pas tr\u00e9bucher sur la valise en carton au sol, elle contient [&hellip;]","og_url":"https:\/\/battitt.fr\/euskara\/","og_site_name":"BATTITT HALSOUET","article_modified_time":"2022-06-15T13:16:21+00:00","og_image":[{"url":"https:\/\/battitt.fr\/wp-content\/uploads\/2022\/05\/acceuil-site-1024x934.jpg"}],"twitter_misc":{"Est. reading time":"1 minutua"},"schema":{"@context":"https:\/\/schema.org","@graph":[{"@type":"WebSite","@id":"https:\/\/battitt.fr\/#website","url":"https:\/\/battitt.fr\/","name":"BATTITT HALSOUET","description":"","potentialAction":[{"@type":"SearchAction","target":{"@type":"EntryPoint","urlTemplate":"https:\/\/battitt.fr\/?s={search_term_string}"},"query-input":"required name=search_term_string"}],"inLanguage":"eu"},{"@type":"ImageObject","@id":"https:\/\/battitt.fr\/#primaryimage","inLanguage":"eu","url":"https:\/\/battitt.fr\/wp-content\/uploads\/2022\/05\/acceuil-site.jpg","contentUrl":"https:\/\/battitt.fr\/wp-content\/uploads\/2022\/05\/acceuil-site.jpg","width":1239,"height":1130},{"@type":"WebPage","@id":"https:\/\/battitt.fr\/#webpage","url":"https:\/\/battitt.fr\/","name":"Battitt Halsouet - BATTITT HALSOUET","isPartOf":{"@id":"https:\/\/battitt.fr\/#website"},"primaryImageOfPage":{"@id":"https:\/\/battitt.fr\/#primaryimage"},"datePublished":"2022-04-22T10:58:12+00:00","dateModified":"2022-06-15T13:16:21+00:00","breadcrumb":{"@id":"https:\/\/battitt.fr\/#breadcrumb"},"inLanguage":"eu","potentialAction":[{"@type":"ReadAction","target":["https:\/\/battitt.fr\/"]}]},{"@type":"BreadcrumbList","@id":"https:\/\/battitt.fr\/#breadcrumb","itemListElement":[{"@type":"ListItem","position":1,"name":"Battitt Halsouet"}]}]}},"_links":{"self":[{"href":"https:\/\/battitt.fr\/euskara\/wp-json\/wp\/v2\/pages\/202"}],"collection":[{"href":"https:\/\/battitt.fr\/euskara\/wp-json\/wp\/v2\/pages"}],"about":[{"href":"https:\/\/battitt.fr\/euskara\/wp-json\/wp\/v2\/types\/page"}],"author":[{"embeddable":true,"href":"https:\/\/battitt.fr\/euskara\/wp-json\/wp\/v2\/users\/1"}],"replies":[{"embeddable":true,"href":"https:\/\/battitt.fr\/euskara\/wp-json\/wp\/v2\/comments?post=202"}],"version-history":[{"count":40,"href":"https:\/\/battitt.fr\/euskara\/wp-json\/wp\/v2\/pages\/202\/revisions"}],"predecessor-version":[{"id":589,"href":"https:\/\/battitt.fr\/euskara\/wp-json\/wp\/v2\/pages\/202\/revisions\/589"}],"wp:attachment":[{"href":"https:\/\/battitt.fr\/euskara\/wp-json\/wp\/v2\/media?parent=202"}],"curies":[{"name":"wp","href":"https:\/\/api.w.org\/{rel}","templated":true}]}}